{"id":2109,"date":"2023-01-19T14:51:48","date_gmt":"2023-01-19T13:51:48","guid":{"rendered":"https:\/\/www.dst-sg.com\/?page_id=2109"},"modified":"2025-04-09T16:04:03","modified_gmt":"2025-04-09T14:04:03","slug":"sorptionsteknik","status":"publish","type":"page","link":"https:\/\/www.dst-sg.com\/sv\/sorption-technology\/","title":{"rendered":"Sorptionsteknik"},"content":{"rendered":"<div data-elementor-type=\"wp-page\" data-elementor-id=\"2109\" class=\"elementor elementor-2109\" data-elementor-post-type=\"page\">\n\t\t\t\t<div class=\"elementor-element elementor-element-aee3529 e-flex e-con-boxed e-con e-parent\" data-id=\"aee3529\" data-element_type=\"container\" data-e-type=\"container\" data-settings=\"{&quot;background_background&quot;:&quot;classic&quot;}\">\n\t\t\t\t\t<div class=\"e-con-inner\">\n\t\t\t\t<div class=\"elementor-element elementor-element-9e12b70 elementor-widget elementor-widget-heading\" data-id=\"9e12b70\" data-element_type=\"widget\" data-e-type=\"widget\" data-widget_type=\"heading.default\">\n\t\t\t\t<div class=\"elementor-widget-container\">\n\t\t\t\t\t<h1 class=\"elementor-heading-title elementor-size-default\">SORPTIONSTEKNIK<\/h1>\t\t\t\t<\/div>\n\t\t\t\t<\/div>\n\t\t\t\t\t<\/div>\n\t\t\t\t<\/div>\n\t\t<div class=\"elementor-element elementor-element-55c1568 e-flex e-con-boxed e-con e-parent\" data-id=\"55c1568\" data-element_type=\"container\" data-e-type=\"container\">\n\t\t\t\t\t<div class=\"e-con-inner\">\n\t\t\t\t<div class=\"elementor-element elementor-element-e80fac1 elementor-widget elementor-widget-text-editor\" data-id=\"e80fac1\" data-element_type=\"widget\" data-e-type=\"widget\" data-widget_type=\"text-editor.default\">\n\t\t\t\t<div class=\"elementor-widget-container\">\n\t\t\t\t\t\t\t\t\t<p>Sorptionsavfuktare representerar banbrytande teknik inom fuktkontroll. Till skillnad fr\u00e5n traditionella metoder anv\u00e4nder dessa enheter torkmedel och en roterande rotor f\u00f6r att effektivt avl\u00e4gsna fukt fr\u00e5n luften. Processen inneb\u00e4r att luft passerar genom rotorn, d\u00e4r fukt f\u00e5ngas upp och sedan avl\u00e4gsnas av en uppv\u00e4rmd luftstr\u00f6m.<\/p>\t\t\t\t\t\t\t\t<\/div>\n\t\t\t\t<\/div>\n\t\t\t\t<div class=\"elementor-element elementor-element-8a0e695 elementor-widget elementor-widget-text-editor\" data-id=\"8a0e695\" data-element_type=\"widget\" data-e-type=\"widget\" data-widget_type=\"text-editor.default\">\n\t\t\t\t<div class=\"elementor-widget-container\">\n\t\t\t\t\t\t\t\t\t<p>Principerna Recusorb, Econosorb och Frigosorb \u00e4r alla varum\u00e4rkesskyddade enligt Svenska varum\u00e4rkesregistret och \u00e4ven det europeiska patent- och varum\u00e4rkesregistret. Frigosorb-principen patenterades i Sverige 1996.<\/p>\t\t\t\t\t\t\t\t<\/div>\n\t\t\t\t<\/div>\n\t\t\t\t\t<\/div>\n\t\t\t\t<\/div>\n\t\t<div class=\"elementor-element elementor-element-64bf8c0 e-flex e-con-boxed e-con e-parent\" data-id=\"64bf8c0\" data-element_type=\"container\" data-e-type=\"container\">\n\t\t\t\t\t<div class=\"e-con-inner\">\n\t\t<div class=\"elementor-element elementor-element-4479dd6 e-flex e-con-boxed e-con e-child\" data-id=\"4479dd6\" data-element_type=\"container\" data-e-type=\"container\">\n\t\t\t\t\t<div class=\"e-con-inner\">\n\t\t\t\t<div class=\"elementor-element elementor-element-5062d9f elementor-widget elementor-widget-image\" data-id=\"5062d9f\" data-element_type=\"widget\" data-e-type=\"widget\" data-widget_type=\"image.default\">\n\t\t\t\t<div class=\"elementor-widget-container\">\n\t\t\t\t\t\t\t\t\t\t\t\t\t\t\t<img decoding=\"async\" width=\"261\" height=\"137\" src=\"https:\/\/www.dst-sg.com\/wp-content\/uploads\/2023\/01\/Recusorb-R.png\" class=\"attachment-large size-large wp-image-2147\" alt=\"Recusorb R\" \/>\t\t\t\t\t\t\t\t\t\t\t\t\t\t\t<\/div>\n\t\t\t\t<\/div>\n\t\t\t\t<div class=\"elementor-element elementor-element-5f823d8 elementor-widget elementor-widget-text-editor\" data-id=\"5f823d8\" data-element_type=\"widget\" data-e-type=\"widget\" data-widget_type=\"text-editor.default\">\n\t\t\t\t<div class=\"elementor-widget-container\">\n\t\t\t\t\t\t\t\t\t<p><b>Recusorb R<\/b>\u00a0arbetar med integrerad v\u00e4rme\u00e5tervinning. Under rotorns regenerering absorberas v\u00e4rme och \u00e5tervinns sedan i \"f\u00f6rv\u00e4rmningszonen\", d\u00e4r inkommande luft f\u00f6rv\u00e4rms och delvis avfuktas. Energif\u00f6rbrukningen sjunker och den torra luften blir b\u00e5de torrare och svalare j\u00e4mf\u00f6rt med andra sorptionsavfuktare.<\/p>\t\t\t\t\t\t\t\t<\/div>\n\t\t\t\t<\/div>\n\t\t\t\t\t<\/div>\n\t\t\t\t<\/div>\n\t\t<div class=\"elementor-element elementor-element-88f4269 e-con-full e-flex e-con e-child\" data-id=\"88f4269\" data-element_type=\"container\" data-e-type=\"container\">\n\t\t\t\t<div class=\"elementor-element elementor-element-6a7f0c6 elementor-widget elementor-widget-image\" data-id=\"6a7f0c6\" data-element_type=\"widget\" data-e-type=\"widget\" data-widget_type=\"image.default\">\n\t\t\t\t<div class=\"elementor-widget-container\">\n\t\t\t\t\t\t\t\t\t\t\t\t\t\t\t<img decoding=\"async\" width=\"261\" height=\"137\" src=\"https:\/\/www.dst-sg.com\/wp-content\/uploads\/2023\/01\/Recusorb-DR.png\" class=\"attachment-large size-large wp-image-2148\" alt=\"Recusorb DR\" \/>\t\t\t\t\t\t\t\t\t\t\t\t\t\t\t<\/div>\n\t\t\t\t<\/div>\n\t\t\t\t<div class=\"elementor-element elementor-element-f224be5 elementor-widget elementor-widget-text-editor\" data-id=\"f224be5\" data-element_type=\"widget\" data-e-type=\"widget\" data-widget_type=\"text-editor.default\">\n\t\t\t\t<div class=\"elementor-widget-container\">\n\t\t\t\t\t\t\t\t\t<p>Som Recusorb R har\u00a0<b>Recusorb DR<\/b>\u00a0v\u00e4rme\u00e5tervinning men har en gemensam fl\u00e4kt f\u00f6r b\u00e5de det torra och det v\u00e5ta luftfl\u00f6det. Detta g\u00f6r installationen enklare n\u00e4r du beh\u00f6ver \u00f6vertryck i rummet som ska avfuktas. Denna princip \u00e4r ocks\u00e5 l\u00e4mplig n\u00e4r du vill uppn\u00e5 mycket l\u00e5ga daggpunkter.<\/p>\t\t\t\t\t\t\t\t<\/div>\n\t\t\t\t<\/div>\n\t\t\t\t<\/div>\n\t\t<div class=\"elementor-element elementor-element-b575c2f e-con-full e-flex e-con e-child\" data-id=\"b575c2f\" data-element_type=\"container\" data-e-type=\"container\">\n\t\t\t\t<div class=\"elementor-element elementor-element-8459519 elementor-widget elementor-widget-image\" data-id=\"8459519\" data-element_type=\"widget\" data-e-type=\"widget\" data-widget_type=\"image.default\">\n\t\t\t\t<div class=\"elementor-widget-container\">\n\t\t\t\t\t\t\t\t\t\t\t\t\t\t\t<img decoding=\"async\" width=\"261\" height=\"137\" src=\"https:\/\/www.dst-sg.com\/wp-content\/uploads\/2023\/01\/Consorb.png\" class=\"attachment-large size-large wp-image-2142\" alt=\"Consorb\" \/>\t\t\t\t\t\t\t\t\t\t\t\t\t\t\t<\/div>\n\t\t\t\t<\/div>\n\t\t\t\t<div class=\"elementor-element elementor-element-eedc1a4 elementor-widget elementor-widget-text-editor\" data-id=\"eedc1a4\" data-element_type=\"widget\" data-e-type=\"widget\" data-widget_type=\"text-editor.default\">\n\t\t\t\t<div class=\"elementor-widget-container\">\n\t\t\t\t\t\t\t\t\t<p><b>Consorb-principen<\/b>\u00a0anv\u00e4nds normalt vid l\u00e5ga regenereringstemperaturer, t.ex. om du har \u00f6verskottsv\u00e4rme eller vid avfuktning av mycket fuktig luft. Consorb-principen \u00e4r ocks\u00e5 bra n\u00e4r det \u00e4r stor skillnad i fukthalt mellan process- och regenereringsluftintag.<\/p>\t\t\t\t\t\t\t\t<\/div>\n\t\t\t\t<\/div>\n\t\t\t\t<\/div>\n\t\t\t\t\t<\/div>\n\t\t\t\t<\/div>\n\t\t<div class=\"elementor-element elementor-element-6d79f4b e-flex e-con-boxed e-con e-parent\" data-id=\"6d79f4b\" data-element_type=\"container\" data-e-type=\"container\">\n\t\t\t\t\t<div class=\"e-con-inner\">\n\t\t<div class=\"elementor-element elementor-element-8f3395e e-flex e-con-boxed e-con e-child\" data-id=\"8f3395e\" data-element_type=\"container\" data-e-type=\"container\">\n\t\t\t\t\t<div class=\"e-con-inner\">\n\t\t\t\t<div class=\"elementor-element elementor-element-3c892db elementor-widget elementor-widget-image\" data-id=\"3c892db\" data-element_type=\"widget\" data-e-type=\"widget\" data-widget_type=\"image.default\">\n\t\t\t\t<div class=\"elementor-widget-container\">\n\t\t\t\t\t\t\t\t\t\t\t\t\t\t\t<img loading=\"lazy\" decoding=\"async\" width=\"261\" height=\"137\" src=\"https:\/\/www.dst-sg.com\/wp-content\/uploads\/2023\/01\/Frigosorb.png\" class=\"attachment-large size-large wp-image-2154\" alt=\"Frigosorb\" \/>\t\t\t\t\t\t\t\t\t\t\t\t\t\t\t<\/div>\n\t\t\t\t<\/div>\n\t\t\t\t<div class=\"elementor-element elementor-element-e5f31ca elementor-widget elementor-widget-text-editor\" data-id=\"e5f31ca\" data-element_type=\"widget\" data-e-type=\"widget\" data-widget_type=\"text-editor.default\">\n\t\t\t\t<div class=\"elementor-widget-container\">\n\t\t\t\t\t\t\t\t\t<p><b>Frigosorb<\/b>\u00a0\u00e4r en princip patenterad av DST. Frigosorb anv\u00e4nds i applikationer d\u00e4r det \u00e4r sv\u00e5rt att avl\u00e4gsna ett v\u00e5tt luftfl\u00f6de. Tack vare v\u00e4rmepumpsfunktionen \u00e4r Frigosorb mycket energieffektiv och anv\u00e4nder cirka 1\/3 av den totala energif\u00f6rbrukningen f\u00f6r vanliga sorptionsavfuktare.<\/p>\t\t\t\t\t\t\t\t<\/div>\n\t\t\t\t<\/div>\n\t\t\t\t\t<\/div>\n\t\t\t\t<\/div>\n\t\t<div class=\"elementor-element elementor-element-15a49b9 e-con-full e-flex e-con e-child\" data-id=\"15a49b9\" data-element_type=\"container\" data-e-type=\"container\">\n\t\t\t\t<div class=\"elementor-element elementor-element-21c191a elementor-widget elementor-widget-image\" data-id=\"21c191a\" data-element_type=\"widget\" data-e-type=\"widget\" data-widget_type=\"image.default\">\n\t\t\t\t<div class=\"elementor-widget-container\">\n\t\t\t\t\t\t\t\t\t\t\t\t\t\t\t<img loading=\"lazy\" decoding=\"async\" width=\"261\" height=\"137\" src=\"https:\/\/www.dst-sg.com\/wp-content\/uploads\/2023\/01\/Econosorb.png\" class=\"attachment-large size-large wp-image-2153\" alt=\"Econsorb\" \/>\t\t\t\t\t\t\t\t\t\t\t\t\t\t\t<\/div>\n\t\t\t\t<\/div>\n\t\t\t\t<div class=\"elementor-element elementor-element-7972ca9 elementor-widget elementor-widget-text-editor\" data-id=\"7972ca9\" data-element_type=\"widget\" data-e-type=\"widget\" data-widget_type=\"text-editor.default\">\n\t\t\t\t<div class=\"elementor-widget-container\">\n\t\t\t\t\t\t\t\t\t<p><b>Econosorb<\/b>\u00a0kombinerar en v\u00e4rmepump med sorptionsrotorn p\u00e5 ett unikt s\u00e4tt, vilket ger mycket l\u00e5g energif\u00f6rbrukning och l\u00e5g torr lufttemperatur. F\u00f6rmodligen den mest energieffektiva avfuktaren p\u00e5 marknaden, med cirka 1\/4 av den totala energif\u00f6rbrukningen f\u00f6r vanliga sorptionsavfuktare. Econosorb har b\u00e5de kondensation och v\u00e5t luft.<\/p>\t\t\t\t\t\t\t\t<\/div>\n\t\t\t\t<\/div>\n\t\t\t\t<\/div>\n\t\t<div class=\"elementor-element elementor-element-838645b e-con-full e-flex e-con e-child\" data-id=\"838645b\" data-element_type=\"container\" data-e-type=\"container\">\n\t\t\t\t<div class=\"elementor-element elementor-element-6837cf2 elementor-widget elementor-widget-image\" data-id=\"6837cf2\" data-element_type=\"widget\" data-e-type=\"widget\" data-widget_type=\"image.default\">\n\t\t\t\t<div class=\"elementor-widget-container\">\n\t\t\t\t\t\t\t\t\t\t\t\t\t\t\t<img loading=\"lazy\" decoding=\"async\" width=\"261\" height=\"137\" src=\"https:\/\/www.dst-sg.com\/wp-content\/uploads\/2023\/01\/Aquasorb.png\" class=\"attachment-large size-large wp-image-2152\" alt=\"Aquaorb\" \/>\t\t\t\t\t\t\t\t\t\t\t\t\t\t\t<\/div>\n\t\t\t\t<\/div>\n\t\t\t\t<div class=\"elementor-element elementor-element-5f449d6 elementor-widget elementor-widget-text-editor\" data-id=\"5f449d6\" data-element_type=\"widget\" data-e-type=\"widget\" data-widget_type=\"text-editor.default\">\n\t\t\t\t<div class=\"elementor-widget-container\">\n\t\t\t\t\t\t\t\t\t<p><b>Aquasorb<\/b>\u00a0fungerar i princip som en Consorb men det v\u00e5ta luftfl\u00f6det kondenseras i en luftkyld kondensor ist\u00e4llet f\u00f6r att ledas ut. D\u00e4rf\u00f6r finns inget behov av att leda ut v\u00e5t luft fr\u00e5n det avfuktade rummet. All energi som tillf\u00f6rs enheten stannar ocks\u00e5 i rummet vilket \u00e4r bra f\u00f6r torkningsapplikationer.<\/p>\t\t\t\t\t\t\t\t<\/div>\n\t\t\t\t<\/div>\n\t\t\t\t<\/div>\n\t\t\t\t\t<\/div>\n\t\t\t\t<\/div>\n\t\t<div class=\"elementor-element elementor-element-abeecaa e-flex e-con-boxed e-con e-parent\" data-id=\"abeecaa\" data-element_type=\"container\" data-e-type=\"container\">\n\t\t\t\t\t<div class=\"e-con-inner\">\n\t\t<a class=\"elementor-element elementor-element-f30b4e9 e-con-full e-flex e-con e-child\" data-id=\"f30b4e9\" data-element_type=\"container\" data-e-type=\"container\" data-settings=\"{&quot;background_background&quot;:&quot;classic&quot;}\" href=\"https:\/\/www.dst-sg.com\/sv\/applications\/\">\n\t\t<div class=\"elementor-element elementor-element-97c9a19 e-flex e-con-boxed e-con e-child\" data-id=\"97c9a19\" data-element_type=\"container\" data-e-type=\"container\" data-settings=\"{&quot;background_background&quot;:&quot;classic&quot;}\">\n\t\t\t\t\t<div class=\"e-con-inner\">\n\t\t\t\t<div class=\"elementor-element elementor-element-8bd063d elementor-widget elementor-widget-spacer\" data-id=\"8bd063d\" data-element_type=\"widget\" data-e-type=\"widget\" data-widget_type=\"spacer.default\">\n\t\t\t\t<div class=\"elementor-widget-container\">\n\t\t\t\t\t\t\t<div class=\"elementor-spacer\">\n\t\t\t<div class=\"elementor-spacer-inner\"><\/div>\n\t\t<\/div>\n\t\t\t\t\t\t<\/div>\n\t\t\t\t<\/div>\n\t\t\t\t\t<\/div>\n\t\t\t\t<\/div>\n\t\t<div class=\"elementor-element elementor-element-63eb2cf e-con-full e-flex e-con e-child\" data-id=\"63eb2cf\" data-element_type=\"container\" data-e-type=\"container\">\n\t\t\t\t<div class=\"elementor-element elementor-element-2783099 elementor-widget elementor-widget-heading\" data-id=\"2783099\" data-element_type=\"widget\" data-e-type=\"widget\" data-widget_type=\"heading.default\">\n\t\t\t\t<div class=\"elementor-widget-container\">\n\t\t\t\t\t<h2 class=\"elementor-heading-title elementor-size-default\">Applikationer<\/h2>\t\t\t\t<\/div>\n\t\t\t\t<\/div>\n\t\t\t\t<\/div>\n\t\t\t\t<\/a>\n\t\t<a class=\"elementor-element elementor-element-c8d3e31 e-con-full e-flex e-con e-child\" data-id=\"c8d3e31\" data-element_type=\"container\" data-e-type=\"container\" data-settings=\"{&quot;background_background&quot;:&quot;classic&quot;}\" href=\"https:\/\/www.dst-sg.com\/sv\/teknologi\/\">\n\t\t<div class=\"elementor-element elementor-element-a0a9309 e-flex e-con-boxed e-con e-child\" data-id=\"a0a9309\" data-element_type=\"container\" data-e-type=\"container\" data-settings=\"{&quot;background_background&quot;:&quot;classic&quot;}\">\n\t\t\t\t\t<div class=\"e-con-inner\">\n\t\t\t\t<div class=\"elementor-element elementor-element-300e6cb elementor-widget elementor-widget-spacer\" data-id=\"300e6cb\" data-element_type=\"widget\" data-e-type=\"widget\" data-widget_type=\"spacer.default\">\n\t\t\t\t<div class=\"elementor-widget-container\">\n\t\t\t\t\t\t\t<div class=\"elementor-spacer\">\n\t\t\t<div class=\"elementor-spacer-inner\"><\/div>\n\t\t<\/div>\n\t\t\t\t\t\t<\/div>\n\t\t\t\t<\/div>\n\t\t\t\t\t<\/div>\n\t\t\t\t<\/div>\n\t\t<div class=\"elementor-element elementor-element-21c0e36 e-con-full e-flex e-con e-child\" data-id=\"21c0e36\" data-element_type=\"container\" data-e-type=\"container\">\n\t\t\t\t<div class=\"elementor-element elementor-element-0377282 elementor-widget elementor-widget-heading\" data-id=\"0377282\" data-element_type=\"widget\" data-e-type=\"widget\" data-widget_type=\"heading.default\">\n\t\t\t\t<div class=\"elementor-widget-container\">\n\t\t\t\t\t<h2 class=\"elementor-heading-title elementor-size-default\">Teknik<\/h2>\t\t\t\t<\/div>\n\t\t\t\t<\/div>\n\t\t\t\t<\/div>\n\t\t\t\t<\/a>\n\t\t<a class=\"elementor-element elementor-element-3a35603 e-con-full e-flex e-con e-child\" data-id=\"3a35603\" data-element_type=\"container\" data-e-type=\"container\" data-settings=\"{&quot;background_background&quot;:&quot;classic&quot;}\" href=\"https:\/\/www.dst-sg.com\/sv\/dehumidifier\/\">\n\t\t<div class=\"elementor-element elementor-element-8768c37 e-flex e-con-boxed e-con e-child\" data-id=\"8768c37\" data-element_type=\"container\" data-e-type=\"container\" data-settings=\"{&quot;background_background&quot;:&quot;classic&quot;}\">\n\t\t\t\t\t<div class=\"e-con-inner\">\n\t\t\t\t<div class=\"elementor-element elementor-element-d03538d elementor-widget elementor-widget-spacer\" data-id=\"d03538d\" data-element_type=\"widget\" data-e-type=\"widget\" data-widget_type=\"spacer.default\">\n\t\t\t\t<div class=\"elementor-widget-container\">\n\t\t\t\t\t\t\t<div class=\"elementor-spacer\">\n\t\t\t<div class=\"elementor-spacer-inner\"><\/div>\n\t\t<\/div>\n\t\t\t\t\t\t<\/div>\n\t\t\t\t<\/div>\n\t\t\t\t\t<\/div>\n\t\t\t\t<\/div>\n\t\t<div class=\"elementor-element elementor-element-276e2ae e-con-full e-flex e-con e-child\" data-id=\"276e2ae\" data-element_type=\"container\" data-e-type=\"container\">\n\t\t\t\t<div class=\"elementor-element elementor-element-af4774b elementor-widget elementor-widget-heading\" data-id=\"af4774b\" data-element_type=\"widget\" data-e-type=\"widget\" data-widget_type=\"heading.default\">\n\t\t\t\t<div class=\"elementor-widget-container\">\n\t\t\t\t\t<h2 class=\"elementor-heading-title elementor-size-default\">Avfuktare<\/h2>\t\t\t\t<\/div>\n\t\t\t\t<\/div>\n\t\t\t\t<\/div>\n\t\t\t\t<\/a>\n\t\t\t\t\t<\/div>\n\t\t\t\t<\/div>\n\t\t\t\t<\/div>","protected":false},"excerpt":{"rendered":"<p>SORPTION TECHNOLOGY Sorption dehumidifiers represent cutting-edge technology in moisture control. Unlike traditional methods, these devices utilize desiccant materials and a rotating rotor to efficiently remove moisture from the air. The process involves passing air through the rotor, where moisture is captured and subsequently removed by a hot air stream. The Recusorb, Econosorb, and Frigosorb principles [&hellip;]<\/p>\n","protected":false},"author":1,"featured_media":0,"parent":0,"menu_order":0,"comment_status":"closed","ping_status":"closed","template":"elementor_header_footer","meta":{"_acf_changed":false,"footnotes":""},"class_list":["post-2109","page","type-page","status-publish","hentry"],"acf":[],"yoast_head":"<!-- This site is optimized with the Yoast SEO plugin v27.5 - https:\/\/yoast.com\/product\/yoast-seo-wordpress\/ -->\n<title>Sorption Technology - DST<\/title>\n<meta name=\"description\" content=\"Explore the diverse world of sorption technology. Elevate your understanding of cutting-edge sorption technology with us\" \/>\n<meta name=\"robots\" content=\"index, follow, max-snippet:-1, max-image-preview:large, max-video-preview:-1\" \/>\n<link rel=\"canonical\" href=\"https:\/\/www.dst-sg.com\/sv\/sorptionsteknik\/\" \/>\n<meta property=\"og:locale\" content=\"sv_SE\" \/>\n<meta property=\"og:type\" content=\"article\" \/>\n<meta property=\"og:title\" content=\"Sorption Technology - DST\" \/>\n<meta property=\"og:description\" content=\"Explore the diverse world of sorption technology. Elevate your understanding of cutting-edge sorption technology with us\" \/>\n<meta property=\"og:url\" content=\"https:\/\/www.dst-sg.com\/sv\/sorptionsteknik\/\" \/>\n<meta property=\"og:site_name\" content=\"DST\" \/>\n<meta property=\"article:modified_time\" content=\"2025-04-09T14:04:03+00:00\" \/>\n<meta property=\"og:image\" content=\"https:\/\/www.dst-sg.com\/wp-content\/uploads\/2023\/01\/Recusorb-R.png\" \/>\n<meta name=\"twitter:card\" content=\"summary_large_image\" \/>\n<meta name=\"twitter:label1\" content=\"Ber\u00e4knad l\u00e4stid\" \/>\n\t<meta name=\"twitter:data1\" content=\"4 minuter\" \/>\n<script type=\"application\/ld+json\" class=\"yoast-schema-graph\">{\"@context\":\"https:\\\/\\\/schema.org\",\"@graph\":[{\"@type\":\"WebPage\",\"@id\":\"https:\\\/\\\/www.dst-sg.com\\\/sorption-technology\\\/\",\"url\":\"https:\\\/\\\/www.dst-sg.com\\\/sorption-technology\\\/\",\"name\":\"Sorption Technology - DST\",\"isPartOf\":{\"@id\":\"https:\\\/\\\/www.dst-sg.com\\\/#website\"},\"primaryImageOfPage\":{\"@id\":\"https:\\\/\\\/www.dst-sg.com\\\/sorption-technology\\\/#primaryimage\"},\"image\":{\"@id\":\"https:\\\/\\\/www.dst-sg.com\\\/sorption-technology\\\/#primaryimage\"},\"thumbnailUrl\":\"https:\\\/\\\/www.dst-sg.com\\\/wp-content\\\/uploads\\\/2023\\\/01\\\/Recusorb-R.png\",\"datePublished\":\"2023-01-19T13:51:48+00:00\",\"dateModified\":\"2025-04-09T14:04:03+00:00\",\"description\":\"Explore the diverse world of sorption technology. Elevate your understanding of cutting-edge sorption technology with us\",\"breadcrumb\":{\"@id\":\"https:\\\/\\\/www.dst-sg.com\\\/sorption-technology\\\/#breadcrumb\"},\"inLanguage\":\"sv-SE\",\"potentialAction\":[{\"@type\":\"ReadAction\",\"target\":[\"https:\\\/\\\/www.dst-sg.com\\\/sorption-technology\\\/\"]}]},{\"@type\":\"ImageObject\",\"inLanguage\":\"sv-SE\",\"@id\":\"https:\\\/\\\/www.dst-sg.com\\\/sorption-technology\\\/#primaryimage\",\"url\":\"https:\\\/\\\/www.dst-sg.com\\\/wp-content\\\/uploads\\\/2023\\\/01\\\/Recusorb-R.png\",\"contentUrl\":\"https:\\\/\\\/www.dst-sg.com\\\/wp-content\\\/uploads\\\/2023\\\/01\\\/Recusorb-R.png\"},{\"@type\":\"BreadcrumbList\",\"@id\":\"https:\\\/\\\/www.dst-sg.com\\\/sorption-technology\\\/#breadcrumb\",\"itemListElement\":[{\"@type\":\"ListItem\",\"position\":1,\"name\":\"Hem\",\"item\":\"https:\\\/\\\/www.dst-sg.com\\\/\"},{\"@type\":\"ListItem\",\"position\":2,\"name\":\"Sorption Technology\"}]},{\"@type\":\"WebSite\",\"@id\":\"https:\\\/\\\/www.dst-sg.com\\\/#website\",\"url\":\"https:\\\/\\\/www.dst-sg.com\\\/\",\"name\":\"DST-sg\",\"description\":\"\",\"publisher\":{\"@id\":\"https:\\\/\\\/www.dst-sg.com\\\/#organization\"},\"potentialAction\":[{\"@type\":\"SearchAction\",\"target\":{\"@type\":\"EntryPoint\",\"urlTemplate\":\"https:\\\/\\\/www.dst-sg.com\\\/?s={search_term_string}\"},\"query-input\":{\"@type\":\"PropertyValueSpecification\",\"valueRequired\":true,\"valueName\":\"search_term_string\"}}],\"inLanguage\":\"sv-SE\"},{\"@type\":\"Organization\",\"@id\":\"https:\\\/\\\/www.dst-sg.com\\\/#organization\",\"name\":\"DST-SG\",\"url\":\"https:\\\/\\\/www.dst-sg.com\\\/\",\"logo\":{\"@type\":\"ImageObject\",\"inLanguage\":\"sv-SE\",\"@id\":\"https:\\\/\\\/www.dst-sg.com\\\/#\\\/schema\\\/logo\\\/image\\\/\",\"url\":\"https:\\\/\\\/www.dst-sg.com\\\/wp-content\\\/uploads\\\/2023\\\/01\\\/DST-Logotype-GREEN-CMYK-Humidity-Control-Version.png\",\"contentUrl\":\"https:\\\/\\\/www.dst-sg.com\\\/wp-content\\\/uploads\\\/2023\\\/01\\\/DST-Logotype-GREEN-CMYK-Humidity-Control-Version.png\",\"width\":1689,\"height\":558,\"caption\":\"DST-SG\"},\"image\":{\"@id\":\"https:\\\/\\\/www.dst-sg.com\\\/#\\\/schema\\\/logo\\\/image\\\/\"}}]}<\/script>\n<!-- \/ Yoast SEO plugin. -->","yoast_head_json":{"title":"Sorptionsteknik - DST","description":"Utforska den m\u00e5ngfaldiga v\u00e4rlden av sorptionsteknik. \u00d6ka din f\u00f6rst\u00e5else f\u00f6r banbrytande sorptionsteknik med oss","robots":{"index":"index","follow":"follow","max-snippet":"max-snippet:-1","max-image-preview":"max-image-preview:large","max-video-preview":"max-video-preview:-1"},"canonical":"https:\/\/www.dst-sg.com\/sv\/sorptionsteknik\/","og_locale":"sv_SE","og_type":"article","og_title":"Sorption Technology - DST","og_description":"Explore the diverse world of sorption technology. Elevate your understanding of cutting-edge sorption technology with us","og_url":"https:\/\/www.dst-sg.com\/sv\/sorptionsteknik\/","og_site_name":"DST","article_modified_time":"2025-04-09T14:04:03+00:00","og_image":[{"url":"https:\/\/www.dst-sg.com\/wp-content\/uploads\/2023\/01\/Recusorb-R.png","type":"","width":"","height":""}],"twitter_card":"summary_large_image","twitter_misc":{"Ber\u00e4knad l\u00e4stid":"4 minuter"},"schema":{"@context":"https:\/\/schema.org","@graph":[{"@type":"WebPage","@id":"https:\/\/www.dst-sg.com\/sorption-technology\/","url":"https:\/\/www.dst-sg.com\/sorption-technology\/","name":"Sorptionsteknik - DST","isPartOf":{"@id":"https:\/\/www.dst-sg.com\/#website"},"primaryImageOfPage":{"@id":"https:\/\/www.dst-sg.com\/sorption-technology\/#primaryimage"},"image":{"@id":"https:\/\/www.dst-sg.com\/sorption-technology\/#primaryimage"},"thumbnailUrl":"https:\/\/www.dst-sg.com\/wp-content\/uploads\/2023\/01\/Recusorb-R.png","datePublished":"2023-01-19T13:51:48+00:00","dateModified":"2025-04-09T14:04:03+00:00","description":"Utforska den m\u00e5ngfaldiga v\u00e4rlden av sorptionsteknik. \u00d6ka din f\u00f6rst\u00e5else f\u00f6r banbrytande sorptionsteknik med oss","breadcrumb":{"@id":"https:\/\/www.dst-sg.com\/sorption-technology\/#breadcrumb"},"inLanguage":"sv-SE","potentialAction":[{"@type":"ReadAction","target":["https:\/\/www.dst-sg.com\/sorption-technology\/"]}]},{"@type":"ImageObject","inLanguage":"sv-SE","@id":"https:\/\/www.dst-sg.com\/sorption-technology\/#primaryimage","url":"https:\/\/www.dst-sg.com\/wp-content\/uploads\/2023\/01\/Recusorb-R.png","contentUrl":"https:\/\/www.dst-sg.com\/wp-content\/uploads\/2023\/01\/Recusorb-R.png"},{"@type":"BreadcrumbList","@id":"https:\/\/www.dst-sg.com\/sorption-technology\/#breadcrumb","itemListElement":[{"@type":"ListItem","position":1,"name":"Hem","item":"https:\/\/www.dst-sg.com\/"},{"@type":"ListItem","position":2,"name":"Sorption Technology"}]},{"@type":"WebSite","@id":"https:\/\/www.dst-sg.com\/#website","url":"https:\/\/www.dst-sg.com\/","name":"DST-sg","description":"","publisher":{"@id":"https:\/\/www.dst-sg.com\/#organization"},"potentialAction":[{"@type":"SearchAction","target":{"@type":"EntryPoint","urlTemplate":"https:\/\/www.dst-sg.com\/?s={search_term_string}"},"query-input":{"@type":"PropertyValueSpecification","valueRequired":true,"valueName":"search_term_string"}}],"inLanguage":"sv-SE"},{"@type":"Organization","@id":"https:\/\/www.dst-sg.com\/#organization","name":"DST-SG","url":"https:\/\/www.dst-sg.com\/","logo":{"@type":"ImageObject","inLanguage":"sv-SE","@id":"https:\/\/www.dst-sg.com\/#\/schema\/logo\/image\/","url":"https:\/\/www.dst-sg.com\/wp-content\/uploads\/2023\/01\/DST-Logotype-GREEN-CMYK-Humidity-Control-Version.png","contentUrl":"https:\/\/www.dst-sg.com\/wp-content\/uploads\/2023\/01\/DST-Logotype-GREEN-CMYK-Humidity-Control-Version.png","width":1689,"height":558,"caption":"DST-SG"},"image":{"@id":"https:\/\/www.dst-sg.com\/#\/schema\/logo\/image\/"}}]}},"_links":{"self":[{"href":"https:\/\/www.dst-sg.com\/sv\/wp-json\/wp\/v2\/pages\/2109","targetHints":{"allow":["GET"]}}],"collection":[{"href":"https:\/\/www.dst-sg.com\/sv\/wp-json\/wp\/v2\/pages"}],"about":[{"href":"https:\/\/www.dst-sg.com\/sv\/wp-json\/wp\/v2\/types\/page"}],"author":[{"embeddable":true,"href":"https:\/\/www.dst-sg.com\/sv\/wp-json\/wp\/v2\/users\/1"}],"replies":[{"embeddable":true,"href":"https:\/\/www.dst-sg.com\/sv\/wp-json\/wp\/v2\/comments?post=2109"}],"version-history":[{"count":11,"href":"https:\/\/www.dst-sg.com\/sv\/wp-json\/wp\/v2\/pages\/2109\/revisions"}],"predecessor-version":[{"id":13567,"href":"https:\/\/www.dst-sg.com\/sv\/wp-json\/wp\/v2\/pages\/2109\/revisions\/13567"}],"wp:attachment":[{"href":"https:\/\/www.dst-sg.com\/sv\/wp-json\/wp\/v2\/media?parent=2109"}],"curies":[{"name":"wp","href":"https:\/\/api.w.org\/{rel}","templated":true}]}}